{"id":4875,"date":"2019-07-16T10:06:46","date_gmt":"2019-07-16T08:06:46","guid":{"rendered":"https:\/\/globalerp.de\/?page_id=4875"},"modified":"2025-06-20T13:16:39","modified_gmt":"2025-06-20T11:16:39","slug":"online-versandhandel-plus","status":"publish","type":"page","link":"https:\/\/globalerp.de\/en\/branchenloesungen\/online-versandhandel-plus\/","title":{"rendered":"Online Versandhandel plus"},"content":{"rendered":"","protected":false},"excerpt":{"rendered":"","protected":false},"author":1,"featured_media":0,"parent":4965,"menu_order":0,"comment_status":"closed","ping_status":"closed","template":"","meta":{"saved_in_kubio":true,"footnotes":""},"class_list":["post-4875","page","type-page","status-publish","hentry"],"kubio_ai_page_context":{"short_desc":"","purpose":"general"},"yoast_head":"<!-- This site is optimized with the Yoast SEO plugin v26.9 - https:\/\/yoast.com\/product\/yoast-seo-wordpress\/ -->\n<title>Online Versandhandel Plus! Multichannel - alle Auftr\u00e4ge zusammen!<\/title>\n<meta name=\"description\" content=\"Multichannel er\u00f6ffnet neue M\u00e4rkte. Bei uns laufen alle eingegangen Auftr\u00e4ge zusammen. Diverse Verkaufskan\u00e4le: eBay- and Amazon-Anbindung, Magento, Daparto\" \/>\n<meta name=\"robots\" content=\"index, follow, max-snippet:-1, max-image-preview:large, max-video-preview:-1\" \/>\n<link rel=\"canonical\" href=\"https:\/\/globalerp.de\/en\/branchenloesungen\/online-versandhandel-plus\/\" \/>\n<meta property=\"og:locale\" content=\"en_GB\" \/>\n<meta property=\"og:type\" content=\"article\" \/>\n<meta property=\"og:title\" content=\"Online Versandhandel Plus! Multichannel - alle Auftr\u00e4ge zusammen!\" \/>\n<meta property=\"og:description\" content=\"Multichannel er\u00f6ffnet neue M\u00e4rkte. Bei uns laufen alle eingegangen Auftr\u00e4ge zusammen. Diverse Verkaufskan\u00e4le: eBay- and Amazon-Anbindung, Magento, Daparto\" \/>\n<meta property=\"og:url\" content=\"https:\/\/globalerp.de\/en\/branchenloesungen\/online-versandhandel-plus\/\" \/>\n<meta property=\"og:site_name\" content=\"globalerp\" \/>\n<meta property=\"article:publisher\" content=\"https:\/\/www.facebook.com\/globalerp\/\" \/>\n<meta property=\"article:modified_time\" content=\"2025-06-20T11:16:39+00:00\" \/>\n<meta name=\"twitter:card\" content=\"summary_large_image\" \/>\n<meta name=\"twitter:label1\" content=\"Estimated reading time\" \/>\n\t<meta name=\"twitter:data1\" content=\"1 minute\" \/>\n<script type=\"application\/ld+json\" class=\"yoast-schema-graph\">{\"@context\":\"https:\/\/schema.org\",\"@graph\":[{\"@type\":\"WebPage\",\"@id\":\"https:\/\/globalerp.de\/branchenloesungen\/online-versandhandel-plus\/\",\"url\":\"https:\/\/globalerp.de\/branchenloesungen\/online-versandhandel-plus\/\",\"name\":\"Online Versandhandel Plus! Multichannel - alle Auftr\u00e4ge zusammen!\",\"isPartOf\":{\"@id\":\"https:\/\/globalerp.de\/#website\"},\"datePublished\":\"2019-07-16T08:06:46+00:00\",\"dateModified\":\"2025-06-20T11:16:39+00:00\",\"description\":\"Multichannel er\u00f6ffnet neue M\u00e4rkte. Bei uns laufen alle eingegangen Auftr\u00e4ge zusammen. Diverse Verkaufskan\u00e4le: eBay- and Amazon-Anbindung, Magento, Daparto\",\"breadcrumb\":{\"@id\":\"https:\/\/globalerp.de\/branchenloesungen\/online-versandhandel-plus\/#breadcrumb\"},\"inLanguage\":\"en-GB\",\"potentialAction\":[{\"@type\":\"ReadAction\",\"target\":[\"https:\/\/globalerp.de\/branchenloesungen\/online-versandhandel-plus\/\"]}]},{\"@type\":\"BreadcrumbList\",\"@id\":\"https:\/\/globalerp.de\/branchenloesungen\/online-versandhandel-plus\/#breadcrumb\",\"itemListElement\":[{\"@type\":\"ListItem\",\"position\":1,\"name\":\"Startseite\",\"item\":\"https:\/\/globalerp.de\/\"},{\"@type\":\"ListItem\",\"position\":2,\"name\":\"Branchenl\u00f6sungen\",\"item\":\"https:\/\/globalerp.de\/branchenloesungen\/\"},{\"@type\":\"ListItem\",\"position\":3,\"name\":\"Online Versandhandel plus\"}]},{\"@type\":\"WebSite\",\"@id\":\"https:\/\/globalerp.de\/#website\",\"url\":\"https:\/\/globalerp.de\/\",\"name\":\"globalerp\",\"description\":\"Das Plus f\u00fcr den Mittelstand\",\"publisher\":{\"@id\":\"https:\/\/globalerp.de\/#organization\"},\"potentialAction\":[{\"@type\":\"SearchAction\",\"target\":{\"@type\":\"EntryPoint\",\"urlTemplate\":\"https:\/\/globalerp.de\/?s={search_term_string}\"},\"query-input\":{\"@type\":\"PropertyValueSpecification\",\"valueRequired\":true,\"valueName\":\"search_term_string\"}}],\"inLanguage\":\"en-GB\"},{\"@type\":\"Organization\",\"@id\":\"https:\/\/globalerp.de\/#organization\",\"name\":\"globalerp.de gmbh\",\"url\":\"https:\/\/globalerp.de\/\",\"logo\":{\"@type\":\"ImageObject\",\"inLanguage\":\"en-GB\",\"@id\":\"https:\/\/globalerp.de\/#\/schema\/logo\/image\/\",\"url\":\"https:\/\/globalerp.de\/wp-content\/uploads\/globalerp.jpg\",\"contentUrl\":\"https:\/\/globalerp.de\/wp-content\/uploads\/globalerp.jpg\",\"width\":200,\"height\":125,\"caption\":\"globalerp.de gmbh\"},\"image\":{\"@id\":\"https:\/\/globalerp.de\/#\/schema\/logo\/image\/\"},\"sameAs\":[\"https:\/\/www.facebook.com\/globalerp\/\"]}]}<\/script>\n<!-- \/ Yoast SEO plugin. -->","yoast_head_json":{"title":"Online Versandhandel Plus! Multichannel - alle Auftr\u00e4ge zusammen!","description":"Multichannel er\u00f6ffnet neue M\u00e4rkte. Bei uns laufen alle eingegangen Auftr\u00e4ge zusammen. Diverse Verkaufskan\u00e4le: eBay- and Amazon-Anbindung, Magento, Daparto","robots":{"index":"index","follow":"follow","max-snippet":"max-snippet:-1","max-image-preview":"max-image-preview:large","max-video-preview":"max-video-preview:-1"},"canonical":"https:\/\/globalerp.de\/en\/branchenloesungen\/online-versandhandel-plus\/","og_locale":"en_GB","og_type":"article","og_title":"Online Versandhandel Plus! Multichannel - alle Auftr\u00e4ge zusammen!","og_description":"Multichannel er\u00f6ffnet neue M\u00e4rkte. Bei uns laufen alle eingegangen Auftr\u00e4ge zusammen. Diverse Verkaufskan\u00e4le: eBay- and Amazon-Anbindung, Magento, Daparto","og_url":"https:\/\/globalerp.de\/en\/branchenloesungen\/online-versandhandel-plus\/","og_site_name":"globalerp","article_publisher":"https:\/\/www.facebook.com\/globalerp\/","article_modified_time":"2025-06-20T11:16:39+00:00","twitter_card":"summary_large_image","twitter_misc":{"Estimated reading time":"1 minute"},"schema":{"@context":"https:\/\/schema.org","@graph":[{"@type":"WebPage","@id":"https:\/\/globalerp.de\/branchenloesungen\/online-versandhandel-plus\/","url":"https:\/\/globalerp.de\/branchenloesungen\/online-versandhandel-plus\/","name":"Online Versandhandel Plus! Multichannel - alle Auftr\u00e4ge zusammen!","isPartOf":{"@id":"https:\/\/globalerp.de\/#website"},"datePublished":"2019-07-16T08:06:46+00:00","dateModified":"2025-06-20T11:16:39+00:00","description":"Multichannel er\u00f6ffnet neue M\u00e4rkte. Bei uns laufen alle eingegangen Auftr\u00e4ge zusammen. Diverse Verkaufskan\u00e4le: eBay- and Amazon-Anbindung, Magento, Daparto","breadcrumb":{"@id":"https:\/\/globalerp.de\/branchenloesungen\/online-versandhandel-plus\/#breadcrumb"},"inLanguage":"en-GB","potentialAction":[{"@type":"ReadAction","target":["https:\/\/globalerp.de\/branchenloesungen\/online-versandhandel-plus\/"]}]},{"@type":"BreadcrumbList","@id":"https:\/\/globalerp.de\/branchenloesungen\/online-versandhandel-plus\/#breadcrumb","itemListElement":[{"@type":"ListItem","position":1,"name":"Startseite","item":"https:\/\/globalerp.de\/"},{"@type":"ListItem","position":2,"name":"Branchenl\u00f6sungen","item":"https:\/\/globalerp.de\/branchenloesungen\/"},{"@type":"ListItem","position":3,"name":"Online Versandhandel plus"}]},{"@type":"WebSite","@id":"https:\/\/globalerp.de\/#website","url":"https:\/\/globalerp.de\/","name":"globalerp","description":"Das Plus f\u00fcr den Mittelstand","publisher":{"@id":"https:\/\/globalerp.de\/#organization"},"potentialAction":[{"@type":"SearchAction","target":{"@type":"EntryPoint","urlTemplate":"https:\/\/globalerp.de\/?s={search_term_string}"},"query-input":{"@type":"PropertyValueSpecification","valueRequired":true,"valueName":"search_term_string"}}],"inLanguage":"en-GB"},{"@type":"Organization","@id":"https:\/\/globalerp.de\/#organization","name":"globalerp.de gmbh","url":"https:\/\/globalerp.de\/","logo":{"@type":"ImageObject","inLanguage":"en-GB","@id":"https:\/\/globalerp.de\/#\/schema\/logo\/image\/","url":"https:\/\/globalerp.de\/wp-content\/uploads\/globalerp.jpg","contentUrl":"https:\/\/globalerp.de\/wp-content\/uploads\/globalerp.jpg","width":200,"height":125,"caption":"globalerp.de gmbh"},"image":{"@id":"https:\/\/globalerp.de\/#\/schema\/logo\/image\/"},"sameAs":["https:\/\/www.facebook.com\/globalerp\/"]}]}},"_links":{"self":[{"href":"https:\/\/globalerp.de\/en\/wp-json\/wp\/v2\/pages\/4875","targetHints":{"allow":["GET"]}}],"collection":[{"href":"https:\/\/globalerp.de\/en\/wp-json\/wp\/v2\/pages"}],"about":[{"href":"https:\/\/globalerp.de\/en\/wp-json\/wp\/v2\/types\/page"}],"author":[{"embeddable":true,"href":"https:\/\/globalerp.de\/en\/wp-json\/wp\/v2\/users\/1"}],"replies":[{"embeddable":true,"href":"https:\/\/globalerp.de\/en\/wp-json\/wp\/v2\/comments?post=4875"}],"version-history":[{"count":32,"href":"https:\/\/globalerp.de\/en\/wp-json\/wp\/v2\/pages\/4875\/revisions"}],"predecessor-version":[{"id":12730,"href":"https:\/\/globalerp.de\/en\/wp-json\/wp\/v2\/pages\/4875\/revisions\/12730"}],"up":[{"embeddable":true,"href":"https:\/\/globalerp.de\/en\/wp-json\/wp\/v2\/pages\/4965"}],"wp:attachment":[{"href":"https:\/\/globalerp.de\/en\/wp-json\/wp\/v2\/media?parent=4875"}],"curies":[{"name":"wp","href":"https:\/\/api.w.org\/{rel}","templated":true}]}}