{"id":2414,"date":"2019-06-13T10:21:15","date_gmt":"2019-06-13T08:21:15","guid":{"rendered":"https:\/\/globalerp.de\/?page_id=2414"},"modified":"2026-03-04T19:13:23","modified_gmt":"2026-03-04T18:13:23","slug":"partner","status":"publish","type":"page","link":"https:\/\/globalerp.de\/en\/partner\/","title":{"rendered":"Partner"},"content":{"rendered":"","protected":false},"excerpt":{"rendered":"","protected":false},"author":1,"featured_media":0,"parent":0,"menu_order":0,"comment_status":"closed","ping_status":"closed","template":"","meta":{"saved_in_kubio":true,"footnotes":""},"class_list":["post-2414","page","type-page","status-publish","hentry"],"kubio_ai_page_context":{"short_desc":"","purpose":"general"},"yoast_head":"<!-- This site is optimized with the Yoast SEO plugin v26.9 - https:\/\/yoast.com\/product\/yoast-seo-wordpress\/ -->\n<title>Partner von globalerp.de gmbh! bertaplus \u2013 All-in-One ERP L\u00f6sung!<\/title>\n<meta name=\"description\" content=\"Wir liefern unseren Kunden schl\u00fcsselfertige L\u00f6sungen. Dar\u00fcber hinaus legen wir gro\u00dfen Wert auf Kundenn\u00e4he und praxisorientierte Beratung. Intersystems IRIS\" \/>\n<meta name=\"robots\" content=\"index, follow, max-snippet:-1, max-image-preview:large, max-video-preview:-1\" \/>\n<link rel=\"canonical\" href=\"https:\/\/globalerp.de\/en\/partner\/\" \/>\n<meta property=\"og:locale\" content=\"en_GB\" \/>\n<meta property=\"og:type\" content=\"article\" \/>\n<meta property=\"og:title\" content=\"Partner von globalerp.de gmbh! bertaplus \u2013 All-in-One ERP L\u00f6sung!\" \/>\n<meta property=\"og:description\" content=\"Wir liefern unseren Kunden schl\u00fcsselfertige L\u00f6sungen. Dar\u00fcber hinaus legen wir gro\u00dfen Wert auf Kundenn\u00e4he und praxisorientierte Beratung. Intersystems IRIS\" \/>\n<meta property=\"og:url\" content=\"https:\/\/globalerp.de\/en\/partner\/\" \/>\n<meta property=\"og:site_name\" content=\"globalerp\" \/>\n<meta property=\"article:publisher\" content=\"https:\/\/www.facebook.com\/globalerp\/\" \/>\n<meta property=\"article:modified_time\" content=\"2026-03-04T18:13:23+00:00\" \/>\n<meta name=\"twitter:card\" content=\"summary_large_image\" \/>\n<meta name=\"twitter:label1\" content=\"Estimated reading time\" \/>\n\t<meta name=\"twitter:data1\" content=\"5 minutes\" \/>\n<script type=\"application\/ld+json\" class=\"yoast-schema-graph\">{\"@context\":\"https:\/\/schema.org\",\"@graph\":[{\"@type\":\"WebPage\",\"@id\":\"https:\/\/globalerp.de\/partner\/\",\"url\":\"https:\/\/globalerp.de\/partner\/\",\"name\":\"Partner von globalerp.de gmbh! bertaplus \u2013 All-in-One ERP L\u00f6sung!\",\"isPartOf\":{\"@id\":\"https:\/\/globalerp.de\/#website\"},\"datePublished\":\"2019-06-13T08:21:15+00:00\",\"dateModified\":\"2026-03-04T18:13:23+00:00\",\"description\":\"Wir liefern unseren Kunden schl\u00fcsselfertige L\u00f6sungen. Dar\u00fcber hinaus legen wir gro\u00dfen Wert auf Kundenn\u00e4he und praxisorientierte Beratung. Intersystems IRIS\",\"breadcrumb\":{\"@id\":\"https:\/\/globalerp.de\/partner\/#breadcrumb\"},\"inLanguage\":\"en-GB\",\"potentialAction\":[{\"@type\":\"ReadAction\",\"target\":[\"https:\/\/globalerp.de\/partner\/\"]}]},{\"@type\":\"BreadcrumbList\",\"@id\":\"https:\/\/globalerp.de\/partner\/#breadcrumb\",\"itemListElement\":[{\"@type\":\"ListItem\",\"position\":1,\"name\":\"Startseite\",\"item\":\"https:\/\/globalerp.de\/\"},{\"@type\":\"ListItem\",\"position\":2,\"name\":\"Partner\"}]},{\"@type\":\"WebSite\",\"@id\":\"https:\/\/globalerp.de\/#website\",\"url\":\"https:\/\/globalerp.de\/\",\"name\":\"globalerp\",\"description\":\"Das Plus f\u00fcr den Mittelstand\",\"publisher\":{\"@id\":\"https:\/\/globalerp.de\/#organization\"},\"potentialAction\":[{\"@type\":\"SearchAction\",\"target\":{\"@type\":\"EntryPoint\",\"urlTemplate\":\"https:\/\/globalerp.de\/?s={search_term_string}\"},\"query-input\":{\"@type\":\"PropertyValueSpecification\",\"valueRequired\":true,\"valueName\":\"search_term_string\"}}],\"inLanguage\":\"en-GB\"},{\"@type\":\"Organization\",\"@id\":\"https:\/\/globalerp.de\/#organization\",\"name\":\"globalerp.de gmbh\",\"url\":\"https:\/\/globalerp.de\/\",\"logo\":{\"@type\":\"ImageObject\",\"inLanguage\":\"en-GB\",\"@id\":\"https:\/\/globalerp.de\/#\/schema\/logo\/image\/\",\"url\":\"https:\/\/globalerp.de\/wp-content\/uploads\/globalerp.jpg\",\"contentUrl\":\"https:\/\/globalerp.de\/wp-content\/uploads\/globalerp.jpg\",\"width\":200,\"height\":125,\"caption\":\"globalerp.de gmbh\"},\"image\":{\"@id\":\"https:\/\/globalerp.de\/#\/schema\/logo\/image\/\"},\"sameAs\":[\"https:\/\/www.facebook.com\/globalerp\/\"]}]}<\/script>\n<!-- \/ Yoast SEO plugin. -->","yoast_head_json":{"title":"Partner von globalerp.de gmbh! bertaplus \u2013 All-in-One ERP L\u00f6sung!","description":"Wir liefern unseren Kunden schl\u00fcsselfertige L\u00f6sungen. Dar\u00fcber hinaus legen wir gro\u00dfen Wert auf Kundenn\u00e4he und praxisorientierte Beratung. Intersystems IRIS","robots":{"index":"index","follow":"follow","max-snippet":"max-snippet:-1","max-image-preview":"max-image-preview:large","max-video-preview":"max-video-preview:-1"},"canonical":"https:\/\/globalerp.de\/en\/partner\/","og_locale":"en_GB","og_type":"article","og_title":"Partner von globalerp.de gmbh! bertaplus \u2013 All-in-One ERP L\u00f6sung!","og_description":"Wir liefern unseren Kunden schl\u00fcsselfertige L\u00f6sungen. Dar\u00fcber hinaus legen wir gro\u00dfen Wert auf Kundenn\u00e4he und praxisorientierte Beratung. Intersystems IRIS","og_url":"https:\/\/globalerp.de\/en\/partner\/","og_site_name":"globalerp","article_publisher":"https:\/\/www.facebook.com\/globalerp\/","article_modified_time":"2026-03-04T18:13:23+00:00","twitter_card":"summary_large_image","twitter_misc":{"Estimated reading time":"5 minutes"},"schema":{"@context":"https:\/\/schema.org","@graph":[{"@type":"WebPage","@id":"https:\/\/globalerp.de\/partner\/","url":"https:\/\/globalerp.de\/partner\/","name":"Partner von globalerp.de gmbh! bertaplus \u2013 All-in-One ERP L\u00f6sung!","isPartOf":{"@id":"https:\/\/globalerp.de\/#website"},"datePublished":"2019-06-13T08:21:15+00:00","dateModified":"2026-03-04T18:13:23+00:00","description":"Wir liefern unseren Kunden schl\u00fcsselfertige L\u00f6sungen. Dar\u00fcber hinaus legen wir gro\u00dfen Wert auf Kundenn\u00e4he und praxisorientierte Beratung. Intersystems IRIS","breadcrumb":{"@id":"https:\/\/globalerp.de\/partner\/#breadcrumb"},"inLanguage":"en-GB","potentialAction":[{"@type":"ReadAction","target":["https:\/\/globalerp.de\/partner\/"]}]},{"@type":"BreadcrumbList","@id":"https:\/\/globalerp.de\/partner\/#breadcrumb","itemListElement":[{"@type":"ListItem","position":1,"name":"Startseite","item":"https:\/\/globalerp.de\/"},{"@type":"ListItem","position":2,"name":"Partner"}]},{"@type":"WebSite","@id":"https:\/\/globalerp.de\/#website","url":"https:\/\/globalerp.de\/","name":"globalerp","description":"Das Plus f\u00fcr den Mittelstand","publisher":{"@id":"https:\/\/globalerp.de\/#organization"},"potentialAction":[{"@type":"SearchAction","target":{"@type":"EntryPoint","urlTemplate":"https:\/\/globalerp.de\/?s={search_term_string}"},"query-input":{"@type":"PropertyValueSpecification","valueRequired":true,"valueName":"search_term_string"}}],"inLanguage":"en-GB"},{"@type":"Organization","@id":"https:\/\/globalerp.de\/#organization","name":"globalerp.de gmbh","url":"https:\/\/globalerp.de\/","logo":{"@type":"ImageObject","inLanguage":"en-GB","@id":"https:\/\/globalerp.de\/#\/schema\/logo\/image\/","url":"https:\/\/globalerp.de\/wp-content\/uploads\/globalerp.jpg","contentUrl":"https:\/\/globalerp.de\/wp-content\/uploads\/globalerp.jpg","width":200,"height":125,"caption":"globalerp.de gmbh"},"image":{"@id":"https:\/\/globalerp.de\/#\/schema\/logo\/image\/"},"sameAs":["https:\/\/www.facebook.com\/globalerp\/"]}]}},"_links":{"self":[{"href":"https:\/\/globalerp.de\/en\/wp-json\/wp\/v2\/pages\/2414","targetHints":{"allow":["GET"]}}],"collection":[{"href":"https:\/\/globalerp.de\/en\/wp-json\/wp\/v2\/pages"}],"about":[{"href":"https:\/\/globalerp.de\/en\/wp-json\/wp\/v2\/types\/page"}],"author":[{"embeddable":true,"href":"https:\/\/globalerp.de\/en\/wp-json\/wp\/v2\/users\/1"}],"replies":[{"embeddable":true,"href":"https:\/\/globalerp.de\/en\/wp-json\/wp\/v2\/comments?post=2414"}],"version-history":[{"count":66,"href":"https:\/\/globalerp.de\/en\/wp-json\/wp\/v2\/pages\/2414\/revisions"}],"predecessor-version":[{"id":12832,"href":"https:\/\/globalerp.de\/en\/wp-json\/wp\/v2\/pages\/2414\/revisions\/12832"}],"wp:attachment":[{"href":"https:\/\/globalerp.de\/en\/wp-json\/wp\/v2\/media?parent=2414"}],"curies":[{"name":"wp","href":"https:\/\/api.w.org\/{rel}","templated":true}]}}