{"id":2406,"date":"2019-06-13T10:20:27","date_gmt":"2019-06-13T08:20:27","guid":{"rendered":"https:\/\/globalerp.de\/?page_id=2406"},"modified":"2026-03-04T19:42:00","modified_gmt":"2026-03-04T18:42:00","slug":"produkte","status":"publish","type":"page","link":"https:\/\/globalerp.de\/en\/produkte\/","title":{"rendered":"Products"},"content":{"rendered":"","protected":false},"excerpt":{"rendered":"","protected":false},"author":1,"featured_media":0,"parent":0,"menu_order":0,"comment_status":"closed","ping_status":"closed","template":"","meta":{"saved_in_kubio":true,"footnotes":""},"class_list":["post-2406","page","type-page","status-publish","hentry"],"kubio_ai_page_context":{"short_desc":"","purpose":"general"},"yoast_head":"<!-- This site is optimized with the Yoast SEO plugin v26.9 - https:\/\/yoast.com\/product\/yoast-seo-wordpress\/ -->\n<title>bertaplus All-in-one ERP-L\u00f6sung f\u00fcr mittelst\u00e4ndische Unternehmen!<\/title>\n<meta name=\"description\" content=\"All-in-one ERP-L\u00f6sung f\u00fcr mittelst\u00e4ndische Unternehmen aus den Bereichen Handel und Fertigung. ERP Warenwirtschaft, Lagerlogistik, eCommerce, EDI.\" \/>\n<meta name=\"robots\" content=\"index, follow, max-snippet:-1, max-image-preview:large, max-video-preview:-1\" \/>\n<link rel=\"canonical\" href=\"https:\/\/globalerp.de\/en\/produkte\/\" \/>\n<meta property=\"og:locale\" content=\"en_GB\" \/>\n<meta property=\"og:type\" content=\"article\" \/>\n<meta property=\"og:title\" content=\"bertaplus All-in-one ERP-L\u00f6sung f\u00fcr mittelst\u00e4ndische Unternehmen!\" \/>\n<meta property=\"og:description\" content=\"All-in-one ERP-L\u00f6sung f\u00fcr mittelst\u00e4ndische Unternehmen aus den Bereichen Handel und Fertigung. ERP Warenwirtschaft, Lagerlogistik, eCommerce, EDI.\" \/>\n<meta property=\"og:url\" content=\"https:\/\/globalerp.de\/en\/produkte\/\" \/>\n<meta property=\"og:site_name\" content=\"globalerp\" \/>\n<meta property=\"article:publisher\" content=\"https:\/\/www.facebook.com\/globalerp\/\" \/>\n<meta property=\"article:modified_time\" content=\"2026-03-04T18:42:00+00:00\" \/>\n<meta name=\"twitter:card\" content=\"summary_large_image\" \/>\n<meta name=\"twitter:label1\" content=\"Estimated reading time\" \/>\n\t<meta name=\"twitter:data1\" content=\"3 minutes\" \/>\n<script type=\"application\/ld+json\" class=\"yoast-schema-graph\">{\"@context\":\"https:\/\/schema.org\",\"@graph\":[{\"@type\":\"WebPage\",\"@id\":\"https:\/\/globalerp.de\/produkte\/\",\"url\":\"https:\/\/globalerp.de\/produkte\/\",\"name\":\"bertaplus All-in-one ERP-L\u00f6sung f\u00fcr mittelst\u00e4ndische Unternehmen!\",\"isPartOf\":{\"@id\":\"https:\/\/globalerp.de\/#website\"},\"datePublished\":\"2019-06-13T08:20:27+00:00\",\"dateModified\":\"2026-03-04T18:42:00+00:00\",\"description\":\"All-in-one ERP-L\u00f6sung f\u00fcr mittelst\u00e4ndische Unternehmen aus den Bereichen Handel und Fertigung. ERP Warenwirtschaft, Lagerlogistik, eCommerce, EDI.\",\"breadcrumb\":{\"@id\":\"https:\/\/globalerp.de\/produkte\/#breadcrumb\"},\"inLanguage\":\"en-GB\",\"potentialAction\":[{\"@type\":\"ReadAction\",\"target\":[\"https:\/\/globalerp.de\/produkte\/\"]}]},{\"@type\":\"BreadcrumbList\",\"@id\":\"https:\/\/globalerp.de\/produkte\/#breadcrumb\",\"itemListElement\":[{\"@type\":\"ListItem\",\"position\":1,\"name\":\"Startseite\",\"item\":\"https:\/\/globalerp.de\/\"},{\"@type\":\"ListItem\",\"position\":2,\"name\":\"Produkte\"}]},{\"@type\":\"WebSite\",\"@id\":\"https:\/\/globalerp.de\/#website\",\"url\":\"https:\/\/globalerp.de\/\",\"name\":\"globalerp\",\"description\":\"Das Plus f\u00fcr den Mittelstand\",\"publisher\":{\"@id\":\"https:\/\/globalerp.de\/#organization\"},\"potentialAction\":[{\"@type\":\"SearchAction\",\"target\":{\"@type\":\"EntryPoint\",\"urlTemplate\":\"https:\/\/globalerp.de\/?s={search_term_string}\"},\"query-input\":{\"@type\":\"PropertyValueSpecification\",\"valueRequired\":true,\"valueName\":\"search_term_string\"}}],\"inLanguage\":\"en-GB\"},{\"@type\":\"Organization\",\"@id\":\"https:\/\/globalerp.de\/#organization\",\"name\":\"globalerp.de gmbh\",\"url\":\"https:\/\/globalerp.de\/\",\"logo\":{\"@type\":\"ImageObject\",\"inLanguage\":\"en-GB\",\"@id\":\"https:\/\/globalerp.de\/#\/schema\/logo\/image\/\",\"url\":\"https:\/\/globalerp.de\/wp-content\/uploads\/globalerp.jpg\",\"contentUrl\":\"https:\/\/globalerp.de\/wp-content\/uploads\/globalerp.jpg\",\"width\":200,\"height\":125,\"caption\":\"globalerp.de gmbh\"},\"image\":{\"@id\":\"https:\/\/globalerp.de\/#\/schema\/logo\/image\/\"},\"sameAs\":[\"https:\/\/www.facebook.com\/globalerp\/\"]}]}<\/script>\n<!-- \/ Yoast SEO plugin. -->","yoast_head_json":{"title":"bertaplus All-in-one ERP-L\u00f6sung f\u00fcr mittelst\u00e4ndische Unternehmen!","description":"All-in-one ERP-L\u00f6sung f\u00fcr mittelst\u00e4ndische Unternehmen aus den Bereichen Handel und Fertigung. ERP Warenwirtschaft, Lagerlogistik, eCommerce, EDI.","robots":{"index":"index","follow":"follow","max-snippet":"max-snippet:-1","max-image-preview":"max-image-preview:large","max-video-preview":"max-video-preview:-1"},"canonical":"https:\/\/globalerp.de\/en\/produkte\/","og_locale":"en_GB","og_type":"article","og_title":"bertaplus All-in-one ERP-L\u00f6sung f\u00fcr mittelst\u00e4ndische Unternehmen!","og_description":"All-in-one ERP-L\u00f6sung f\u00fcr mittelst\u00e4ndische Unternehmen aus den Bereichen Handel und Fertigung. ERP Warenwirtschaft, Lagerlogistik, eCommerce, EDI.","og_url":"https:\/\/globalerp.de\/en\/produkte\/","og_site_name":"globalerp","article_publisher":"https:\/\/www.facebook.com\/globalerp\/","article_modified_time":"2026-03-04T18:42:00+00:00","twitter_card":"summary_large_image","twitter_misc":{"Estimated reading time":"3 minutes"},"schema":{"@context":"https:\/\/schema.org","@graph":[{"@type":"WebPage","@id":"https:\/\/globalerp.de\/produkte\/","url":"https:\/\/globalerp.de\/produkte\/","name":"bertaplus All-in-one ERP-L\u00f6sung f\u00fcr mittelst\u00e4ndische Unternehmen!","isPartOf":{"@id":"https:\/\/globalerp.de\/#website"},"datePublished":"2019-06-13T08:20:27+00:00","dateModified":"2026-03-04T18:42:00+00:00","description":"All-in-one ERP-L\u00f6sung f\u00fcr mittelst\u00e4ndische Unternehmen aus den Bereichen Handel und Fertigung. ERP Warenwirtschaft, Lagerlogistik, eCommerce, EDI.","breadcrumb":{"@id":"https:\/\/globalerp.de\/produkte\/#breadcrumb"},"inLanguage":"en-GB","potentialAction":[{"@type":"ReadAction","target":["https:\/\/globalerp.de\/produkte\/"]}]},{"@type":"BreadcrumbList","@id":"https:\/\/globalerp.de\/produkte\/#breadcrumb","itemListElement":[{"@type":"ListItem","position":1,"name":"Startseite","item":"https:\/\/globalerp.de\/"},{"@type":"ListItem","position":2,"name":"Produkte"}]},{"@type":"WebSite","@id":"https:\/\/globalerp.de\/#website","url":"https:\/\/globalerp.de\/","name":"globalerp","description":"Das Plus f\u00fcr den Mittelstand","publisher":{"@id":"https:\/\/globalerp.de\/#organization"},"potentialAction":[{"@type":"SearchAction","target":{"@type":"EntryPoint","urlTemplate":"https:\/\/globalerp.de\/?s={search_term_string}"},"query-input":{"@type":"PropertyValueSpecification","valueRequired":true,"valueName":"search_term_string"}}],"inLanguage":"en-GB"},{"@type":"Organization","@id":"https:\/\/globalerp.de\/#organization","name":"globalerp.de gmbh","url":"https:\/\/globalerp.de\/","logo":{"@type":"ImageObject","inLanguage":"en-GB","@id":"https:\/\/globalerp.de\/#\/schema\/logo\/image\/","url":"https:\/\/globalerp.de\/wp-content\/uploads\/globalerp.jpg","contentUrl":"https:\/\/globalerp.de\/wp-content\/uploads\/globalerp.jpg","width":200,"height":125,"caption":"globalerp.de gmbh"},"image":{"@id":"https:\/\/globalerp.de\/#\/schema\/logo\/image\/"},"sameAs":["https:\/\/www.facebook.com\/globalerp\/"]}]}},"_links":{"self":[{"href":"https:\/\/globalerp.de\/en\/wp-json\/wp\/v2\/pages\/2406","targetHints":{"allow":["GET"]}}],"collection":[{"href":"https:\/\/globalerp.de\/en\/wp-json\/wp\/v2\/pages"}],"about":[{"href":"https:\/\/globalerp.de\/en\/wp-json\/wp\/v2\/types\/page"}],"author":[{"embeddable":true,"href":"https:\/\/globalerp.de\/en\/wp-json\/wp\/v2\/users\/1"}],"replies":[{"embeddable":true,"href":"https:\/\/globalerp.de\/en\/wp-json\/wp\/v2\/comments?post=2406"}],"version-history":[{"count":83,"href":"https:\/\/globalerp.de\/en\/wp-json\/wp\/v2\/pages\/2406\/revisions"}],"predecessor-version":[{"id":12859,"href":"https:\/\/globalerp.de\/en\/wp-json\/wp\/v2\/pages\/2406\/revisions\/12859"}],"wp:attachment":[{"href":"https:\/\/globalerp.de\/en\/wp-json\/wp\/v2\/media?parent=2406"}],"curies":[{"name":"wp","href":"https:\/\/api.w.org\/{rel}","templated":true}]}}