{"id":1231,"date":"2019-02-08T09:15:20","date_gmt":"2019-02-08T08:15:20","guid":{"rendered":"http:\/\/wp.globalerp.de\/?page_id=1231"},"modified":"2022-05-05T15:32:42","modified_gmt":"2022-05-05T13:32:42","slug":"impressum","status":"publish","type":"page","link":"https:\/\/globalerp.de\/en\/impressum\/","title":{"rendered":"Legal Information"},"content":{"rendered":"<div class=\"content\" style=\"width: 80%; margin: auto;\">\n<div class=\"row\">\n<div class=\"col-md-12\">\n<div class=\"section-header\">\n<h2 class=\"widget-title wow fadeInUp animated animated\">Legal Information<\/h2>\n<div class=\"widget-separator\"><\/div>\n<\/div>\n<\/div>\n<\/div>\n<div class=\"row\">\n<div class=\"col-md-6\">\n<p><b>According to \u00a7 5 TMG<\/b><\/p>\n<p><span style=\"font-family: bauhaus-std; color: #5fb50c; font-size: 13pt\"><b>globalerp.de gmbh<\/b><\/span><br \/>\nWendenstra\u00dfe 1 a<br \/>\n20097 Hamburg<\/p>\n<p><b>represented by:<\/b><br \/>\nManaging Business Administration Kerstin Preu\u00df<\/p>\n<p><b>contact<\/b><br \/>\nPhone +49 (0) 40 320 17 200<br \/>\nE-Mail: <a href=\"mailto:vertrieb@globalerp.de\"><b>vertrieb@globalerp.de<\/b><\/a><\/p>\n<\/div>\n<div class=\"col-md-6\">\n<b>Incorporation<\/b><br \/>\nEntry in the register.<br \/>\nRegistration Court: District Court Hamburg<br \/>\nCommercial Register Number: HRB 120 750<\/p>\n<p><b>VAT identification number:<\/b><br \/>\nVAT number according to \u00a7 27 a VAT Tax Act:<br \/>\nDE 280610920<\/p>\n<p><b>Concept, design, programming: <\/b><br \/>\n<strong><span style=\"font-family: bauhaus-std; color: #5fb50c; font-size: 13pt\">globalerp.de gmbh<\/span><\/strong><\/p>\n<p><strong>Pictures:<\/strong> fotolia.com; freepik.com<\/p>\n<\/div>\n<\/div>\n<div class=\"row\">\n<div class=\"col-md-12\">\n<hr style=\"border-top: 1px solid #888;\" \/>\n<\/div>\n<\/div>\n<div class=\"row\">\n<div class=\"col-md-12\">\n<h6><span style=\"color: #92d050;\"><b>Exclusion of Liability<\/b><\/span><\/h6>\n<p><strong>1. Online Content<\/strong><\/p>\n<p>newtec assumes no responsibility for the topicality, correctness, completeness or quality of information provided on this website. Liability claims against newtec relating to material or other damage caused as a result of using or not using the information supplied, or as a result of using false or incomplete information are excluded in as far as no demonstrable premeditated or negligent fault of newtec can be proved to have existed. All offers are without obligation and non-binding. newtec expressly reserves the right to change, adapt, supplement or delete the publication of web pages or parts thereof, and the offers contained therein, either temporarily or permanently, without prior or specific notice.<\/p>\n<p><strong>2. References and Links<\/strong><\/p>\n<p>In the case of direct or indirect reference to any and all third party Internet websites (\u201eLinks\u201c) which lie outside the responsibility of newtec, liability would only and exclusively be accepted if and when newtec possessed knowledge of such and if and when it would have been technically possible and feasible for newtec to have prevented the use of such illegal contents.<br \/>\nnewtec therefore expressly declares that the corresponding link was free of illegal content at the time of publication. newtec has no influence whatsoever on the current and future design and content of the linked websites. Therefore, newtec expressly distances itself from the contents of all linked websites which have been altered in any way after the inclusion of the links into this website. This disclaimer is valid for all links placed within its own Internet offering as well as for third party entries in any and all guest books, forums and mailing lists as supplied and featured by newtec. The owner of the linked website is the sole party against whom any and all liability claims can be made regarding illegal, faulty or incomplete contents, and in particular for any claims for damage arising from the use or non-use of any and all information supplied therein.<\/p>\n<p><strong>3. Copyright and Trade Marks<\/strong><\/p>\n<p>newtec observes copyright and trade mark jurisdiction with respect to all graphics, sound files, video sequences and texts used in its publications, newtec claims copyright and ownership of all graphics, sound documents, video sequences and tests it has created itself.<\/p>\n<p>Each and every protected trade mark, including any registered trade mark and copyright belonging to third parties, is subject unrestrictedly to the currently valid conditions as laid down and claimed by each registered owner. Copyright for all objects owned and published by newtec remains in the sole possession of newtec. The copying or reproduction of any such graphics, sound documents, video sequences and texts in other electronic or printed publications is not permitted without the express written permission of the author.<br \/>\nmit dem Rechteeigent\u00fcmer weiter verwendet.<\/p>\n<p><strong>4. Data Protection and Privacy<\/strong><\/p>\n<p>Wherever the possibility exists of submitting personal or business data to this website (E-mail addresses, names, postal addresses), the disclosure of such by users of the site takes place solely and exclusively on a voluntary basis.\nThe use of and payment for all services offered is permitted \u2013 if technically possible and reasonable \u2013 without specification of specification of anonymized data or an alias.<\/p>\n<p><strong>5. Legal Enforcement of this Liability Disclaimer<\/strong><\/p>\n<p>This disclaimer is part of the internet offer, from which you have been referred to this page. Inasmuch as parts or individual formulations of this text do not, no longer or do not completely comply with existing and current laws, the remaining parts of this document maintain their validity and are not affected in any way by such a lack of validity.<\/p>\n<p>All rights reserved \u00a9 globalerp.de gmbh<\/p>\n<\/div>\n<\/div>\n<\/div>","protected":false},"excerpt":{"rendered":"<p>Impressum Angaben gem\u00e4\u00df \u00a7 5 TMG globalerp.de gmbh Wendenstra\u00dfe 1 a 20097 Hamburg vertreten durch: Gesch\u00e4ftsf\u00fchrerin Kerstin Preu\u00df Kontakt Telefon +49 (0) 40 320 17 200 E-Mail: vertrieb@globalerp.de Registereintrag Eintragung im Handelsregister. Registergericht: Amtsgericht Hamburg Registernummer: HRB 120 750 Umsatzsteuer-ID: Umsatzsteuer-Identifikationsnummer gem\u00e4\u00df \u00a727 a Umsatzsteuergesetz: DE 280610920 Konzept, Gestaltung, Programmierung: globalerp.de gmbh Bilder: fotolia.com; freepik.com [&hellip;]<\/p>\n","protected":false},"author":2,"featured_media":0,"parent":0,"menu_order":0,"comment_status":"closed","ping_status":"closed","template":"","meta":{"saved_in_kubio":false,"footnotes":""},"class_list":["post-1231","page","type-page","status-publish","hentry"],"kubio_ai_page_context":{"short_desc":"","purpose":"general"},"yoast_head":"<!-- This site is optimized with the Yoast SEO plugin v26.9 - https:\/\/yoast.com\/product\/yoast-seo-wordpress\/ -->\n<title>Impressum - globalerp | bertaplus \u2013 das Plus f\u00fcr den Mittelstand!<\/title>\n<meta name=\"description\" content=\"Individuelle Warenwirtschafts- und ERP-L\u00f6sungen von globalerp. Wir integrieren ERP; CRM, Lagerlogistik, E-Commerce und POS-Kassensysteme in einer L\u00f6sung.\" \/>\n<meta name=\"robots\" content=\"index, follow, max-snippet:-1, max-image-preview:large, max-video-preview:-1\" \/>\n<link rel=\"canonical\" href=\"https:\/\/globalerp.de\/en\/impressum\/\" \/>\n<meta property=\"og:locale\" content=\"en_GB\" \/>\n<meta property=\"og:type\" content=\"article\" \/>\n<meta property=\"og:title\" content=\"Impressum - globalerp | bertaplus \u2013 das Plus f\u00fcr den Mittelstand!\" \/>\n<meta property=\"og:description\" content=\"Individuelle Warenwirtschafts- und ERP-L\u00f6sungen von globalerp. Wir integrieren ERP; CRM, Lagerlogistik, E-Commerce und POS-Kassensysteme in einer L\u00f6sung.\" \/>\n<meta property=\"og:url\" content=\"https:\/\/globalerp.de\/en\/impressum\/\" \/>\n<meta property=\"og:site_name\" content=\"globalerp\" \/>\n<meta property=\"article:publisher\" content=\"https:\/\/www.facebook.com\/globalerp\/\" \/>\n<meta property=\"article:modified_time\" content=\"2022-05-05T13:32:42+00:00\" \/>\n<meta name=\"twitter:card\" content=\"summary_large_image\" \/>\n<meta name=\"twitter:label1\" content=\"Estimated reading time\" \/>\n\t<meta name=\"twitter:data1\" content=\"3 minutes\" \/>\n<script type=\"application\/ld+json\" class=\"yoast-schema-graph\">{\"@context\":\"https:\/\/schema.org\",\"@graph\":[{\"@type\":\"WebPage\",\"@id\":\"https:\/\/globalerp.de\/impressum\/\",\"url\":\"https:\/\/globalerp.de\/impressum\/\",\"name\":\"Impressum - globalerp | bertaplus \u2013 das Plus f\u00fcr den Mittelstand!\",\"isPartOf\":{\"@id\":\"https:\/\/globalerp.de\/#website\"},\"datePublished\":\"2019-02-08T08:15:20+00:00\",\"dateModified\":\"2022-05-05T13:32:42+00:00\",\"description\":\"Individuelle Warenwirtschafts- und ERP-L\u00f6sungen von globalerp. Wir integrieren ERP; CRM, Lagerlogistik, E-Commerce und POS-Kassensysteme in einer L\u00f6sung.\",\"breadcrumb\":{\"@id\":\"https:\/\/globalerp.de\/impressum\/#breadcrumb\"},\"inLanguage\":\"en-GB\",\"potentialAction\":[{\"@type\":\"ReadAction\",\"target\":[\"https:\/\/globalerp.de\/impressum\/\"]}]},{\"@type\":\"BreadcrumbList\",\"@id\":\"https:\/\/globalerp.de\/impressum\/#breadcrumb\",\"itemListElement\":[{\"@type\":\"ListItem\",\"position\":1,\"name\":\"Startseite\",\"item\":\"https:\/\/globalerp.de\/\"},{\"@type\":\"ListItem\",\"position\":2,\"name\":\"Impressum\"}]},{\"@type\":\"WebSite\",\"@id\":\"https:\/\/globalerp.de\/#website\",\"url\":\"https:\/\/globalerp.de\/\",\"name\":\"globalerp\",\"description\":\"Das Plus f\u00fcr den Mittelstand\",\"publisher\":{\"@id\":\"https:\/\/globalerp.de\/#organization\"},\"potentialAction\":[{\"@type\":\"SearchAction\",\"target\":{\"@type\":\"EntryPoint\",\"urlTemplate\":\"https:\/\/globalerp.de\/?s={search_term_string}\"},\"query-input\":{\"@type\":\"PropertyValueSpecification\",\"valueRequired\":true,\"valueName\":\"search_term_string\"}}],\"inLanguage\":\"en-GB\"},{\"@type\":\"Organization\",\"@id\":\"https:\/\/globalerp.de\/#organization\",\"name\":\"globalerp.de gmbh\",\"url\":\"https:\/\/globalerp.de\/\",\"logo\":{\"@type\":\"ImageObject\",\"inLanguage\":\"en-GB\",\"@id\":\"https:\/\/globalerp.de\/#\/schema\/logo\/image\/\",\"url\":\"https:\/\/globalerp.de\/wp-content\/uploads\/globalerp.jpg\",\"contentUrl\":\"https:\/\/globalerp.de\/wp-content\/uploads\/globalerp.jpg\",\"width\":200,\"height\":125,\"caption\":\"globalerp.de gmbh\"},\"image\":{\"@id\":\"https:\/\/globalerp.de\/#\/schema\/logo\/image\/\"},\"sameAs\":[\"https:\/\/www.facebook.com\/globalerp\/\"]}]}<\/script>\n<!-- \/ Yoast SEO plugin. -->","yoast_head_json":{"title":"Impressum - globalerp | bertaplus \u2013 das Plus f\u00fcr den Mittelstand!","description":"Individuelle Warenwirtschafts- und ERP-L\u00f6sungen von globalerp. Wir integrieren ERP; CRM, Lagerlogistik, E-Commerce und POS-Kassensysteme in einer L\u00f6sung.","robots":{"index":"index","follow":"follow","max-snippet":"max-snippet:-1","max-image-preview":"max-image-preview:large","max-video-preview":"max-video-preview:-1"},"canonical":"https:\/\/globalerp.de\/en\/impressum\/","og_locale":"en_GB","og_type":"article","og_title":"Impressum - globalerp | bertaplus \u2013 das Plus f\u00fcr den Mittelstand!","og_description":"Individuelle Warenwirtschafts- und ERP-L\u00f6sungen von globalerp. Wir integrieren ERP; CRM, Lagerlogistik, E-Commerce und POS-Kassensysteme in einer L\u00f6sung.","og_url":"https:\/\/globalerp.de\/en\/impressum\/","og_site_name":"globalerp","article_publisher":"https:\/\/www.facebook.com\/globalerp\/","article_modified_time":"2022-05-05T13:32:42+00:00","twitter_card":"summary_large_image","twitter_misc":{"Estimated reading time":"3 minutes"},"schema":{"@context":"https:\/\/schema.org","@graph":[{"@type":"WebPage","@id":"https:\/\/globalerp.de\/impressum\/","url":"https:\/\/globalerp.de\/impressum\/","name":"Impressum - globalerp | bertaplus \u2013 das Plus f\u00fcr den Mittelstand!","isPartOf":{"@id":"https:\/\/globalerp.de\/#website"},"datePublished":"2019-02-08T08:15:20+00:00","dateModified":"2022-05-05T13:32:42+00:00","description":"Individuelle Warenwirtschafts- und ERP-L\u00f6sungen von globalerp. Wir integrieren ERP; CRM, Lagerlogistik, E-Commerce und POS-Kassensysteme in einer L\u00f6sung.","breadcrumb":{"@id":"https:\/\/globalerp.de\/impressum\/#breadcrumb"},"inLanguage":"en-GB","potentialAction":[{"@type":"ReadAction","target":["https:\/\/globalerp.de\/impressum\/"]}]},{"@type":"BreadcrumbList","@id":"https:\/\/globalerp.de\/impressum\/#breadcrumb","itemListElement":[{"@type":"ListItem","position":1,"name":"Startseite","item":"https:\/\/globalerp.de\/"},{"@type":"ListItem","position":2,"name":"Impressum"}]},{"@type":"WebSite","@id":"https:\/\/globalerp.de\/#website","url":"https:\/\/globalerp.de\/","name":"globalerp","description":"Das Plus f\u00fcr den Mittelstand","publisher":{"@id":"https:\/\/globalerp.de\/#organization"},"potentialAction":[{"@type":"SearchAction","target":{"@type":"EntryPoint","urlTemplate":"https:\/\/globalerp.de\/?s={search_term_string}"},"query-input":{"@type":"PropertyValueSpecification","valueRequired":true,"valueName":"search_term_string"}}],"inLanguage":"en-GB"},{"@type":"Organization","@id":"https:\/\/globalerp.de\/#organization","name":"globalerp.de gmbh","url":"https:\/\/globalerp.de\/","logo":{"@type":"ImageObject","inLanguage":"en-GB","@id":"https:\/\/globalerp.de\/#\/schema\/logo\/image\/","url":"https:\/\/globalerp.de\/wp-content\/uploads\/globalerp.jpg","contentUrl":"https:\/\/globalerp.de\/wp-content\/uploads\/globalerp.jpg","width":200,"height":125,"caption":"globalerp.de gmbh"},"image":{"@id":"https:\/\/globalerp.de\/#\/schema\/logo\/image\/"},"sameAs":["https:\/\/www.facebook.com\/globalerp\/"]}]}},"_links":{"self":[{"href":"https:\/\/globalerp.de\/en\/wp-json\/wp\/v2\/pages\/1231","targetHints":{"allow":["GET"]}}],"collection":[{"href":"https:\/\/globalerp.de\/en\/wp-json\/wp\/v2\/pages"}],"about":[{"href":"https:\/\/globalerp.de\/en\/wp-json\/wp\/v2\/types\/page"}],"author":[{"embeddable":true,"href":"https:\/\/globalerp.de\/en\/wp-json\/wp\/v2\/users\/2"}],"replies":[{"embeddable":true,"href":"https:\/\/globalerp.de\/en\/wp-json\/wp\/v2\/comments?post=1231"}],"version-history":[{"count":37,"href":"https:\/\/globalerp.de\/en\/wp-json\/wp\/v2\/pages\/1231\/revisions"}],"predecessor-version":[{"id":9648,"href":"https:\/\/globalerp.de\/en\/wp-json\/wp\/v2\/pages\/1231\/revisions\/9648"}],"wp:attachment":[{"href":"https:\/\/globalerp.de\/en\/wp-json\/wp\/v2\/media?parent=1231"}],"curies":[{"name":"wp","href":"https:\/\/api.w.org\/{rel}","templated":true}]}}